{"id":15531,"date":"2025-01-17T17:24:41","date_gmt":"2025-01-17T17:24:41","guid":{"rendered":"https:\/\/megaprofe.es\/?page_id=15531"},"modified":"2026-04-23T19:32:18","modified_gmt":"2026-04-23T19:32:18","slug":"ia-centros-educativos","status":"publish","type":"page","link":"https:\/\/megaprofe.es\/ca\/ia-centros-educativos\/","title":{"rendered":"Agenda una demo gratis de Megaprofe"},"content":{"rendered":"<div data-elementor-type=\"wp-page\" data-elementor-id=\"15531\" class=\"elementor elementor-15531\" data-elementor-settings=\"{&quot;ha_cmc_init_switcher&quot;:&quot;no&quot;}\">\n\t\t\t\t\t\t<section class=\"elementor-section elementor-top-section elementor-element elementor-element-5504b4e elementor-section-boxed elementor-section-height-default elementor-section-height-default e-parent\" data-id=\"5504b4e\" data-element_type=\"section\" data-e-type=\"section\" data-settings=\"{&quot;background_background&quot;:&quot;classic&quot;,&quot;_ha_eqh_enable&quot;:false}\">\n\t\t\t\t\t\t<div class=\"elementor-container elementor-column-gap-default\">\n\t\t\t\t\t<div class=\"elementor-column elementor-col-100 elementor-top-column elementor-element elementor-element-3a50efd5 lakit-col-width-auto-no\" data-id=\"3a50efd5\" data-element_type=\"column\" data-e-type=\"column\">\n\t\t\t<div class=\"elementor-widget-wrap elementor-element-populated\">\n\t\t\t\t\t\t<div class=\"elementor-element elementor-element-e593838 elementor-widget elementor-widget-heading\" data-id=\"e593838\" data-element_type=\"widget\" data-e-type=\"widget\" data-widget_type=\"heading.default\">\n\t\t\t\t<div class=\"elementor-widget-container\">\n\t\t\t\t\t<h1 class=\"elementor-heading-title elementor-size-default\">Reserva una demo gratis<\/h1>\t\t\t\t<\/div>\n\t\t\t\t<\/div>\n\t\t\t\t\t<\/div>\n\t\t<\/div>\n\t\t\t\t\t<\/div>\n\t\t<\/section>\n\t\t\t\t<section class=\"elementor-section elementor-top-section elementor-element elementor-element-3230615 elementor-section-boxed elementor-section-height-default elementor-section-height-default e-parent\" data-id=\"3230615\" data-element_type=\"section\" data-e-type=\"section\" data-settings=\"{&quot;background_background&quot;:&quot;classic&quot;,&quot;_ha_eqh_enable&quot;:false}\">\n\t\t\t\t\t\t<div class=\"elementor-container elementor-column-gap-default\">\n\t\t\t\t\t<div class=\"elementor-column elementor-col-100 elementor-top-column elementor-element elementor-element-f06ded5 lakit-col-width-auto-no\" data-id=\"f06ded5\" data-element_type=\"column\" data-e-type=\"column\">\n\t\t\t<div class=\"elementor-widget-wrap elementor-element-populated\">\n\t\t\t\t\t\t<div class=\"elementor-element elementor-element-7934b9d elementor-widget elementor-widget-spacer\" data-id=\"7934b9d\" data-element_type=\"widget\" data-e-type=\"widget\" data-widget_type=\"spacer.default\">\n\t\t\t\t<div class=\"elementor-widget-container\">\n\t\t\t\t\t\t\t<div class=\"elementor-spacer\">\n\t\t\t<div class=\"elementor-spacer-inner\"><\/div>\n\t\t<\/div>\n\t\t\t\t\t\t<\/div>\n\t\t\t\t<\/div>\n\t\t\t\t<div class=\"elementor-element elementor-element-3845445 elementor-widget elementor-widget-heading\" data-id=\"3845445\" data-element_type=\"widget\" data-e-type=\"widget\" data-widget_type=\"heading.default\">\n\t\t\t\t<div class=\"elementor-widget-container\">\n\t\t\t\t\t<h2 class=\"elementor-heading-title elementor-size-default\">Agenda una demostraci\u00f3n gratuita con nuestros expertos y descubre las ventajas de nuestra plataforma IA educativa l\u00edder.<\/h2>\t\t\t\t<\/div>\n\t\t\t\t<\/div>\n\t\t\t\t<div class=\"elementor-element elementor-element-9f24082 elementor-widget elementor-widget-spacer\" data-id=\"9f24082\" data-element_type=\"widget\" data-e-type=\"widget\" data-widget_type=\"spacer.default\">\n\t\t\t\t<div class=\"elementor-widget-container\">\n\t\t\t\t\t\t\t<div class=\"elementor-spacer\">\n\t\t\t<div class=\"elementor-spacer-inner\"><\/div>\n\t\t<\/div>\n\t\t\t\t\t\t<\/div>\n\t\t\t\t<\/div>\n\t\t\t\t<div class=\"elementor-element elementor-element-cfe8502 elementor-widget elementor-widget-html\" data-id=\"cfe8502\" data-element_type=\"widget\" data-e-type=\"widget\" data-widget_type=\"html.default\">\n\t\t\t\t<div class=\"elementor-widget-container\">\n\t\t\t\t\t<!-- Principio del widget integrado de Calendly -->\r\n<div class=\"calendly-inline-widget\" data-url=\"https:\/\/calendly.com\/mireia-megaprofe\/30min?hide_gdpr_banner=1\" style=\"min-width:320px;height:700px;\"><\/div>\r\n<script type=\"text\/javascript\" src=\"https:\/\/assets.calendly.com\/assets\/external\/widget.js\" async><\/script>\r\n<!-- Final del widget integrado de Calendly -->\t\t\t\t<\/div>\n\t\t\t\t<\/div>\n\t\t\t\t<div class=\"elementor-element elementor-element-22103b6 elementor-widget__width-initial elementor-widget-mobile__width-inherit elementor-widget elementor-widget-heading\" data-id=\"22103b6\" data-element_type=\"widget\" data-e-type=\"widget\" data-widget_type=\"heading.default\">\n\t\t\t\t<div class=\"elementor-widget-container\">\n\t\t\t\t\t<h6 class=\"elementor-heading-title elementor-size-default\">M\u00e1s de 250.000 docentes ya se han unido a Megaprofe.<br>\u00bfA qu\u00e9 esperas para que tu centro educativo sea el siguiente?<\/h6>\t\t\t\t<\/div>\n\t\t\t\t<\/div>\n\t\t\t\t\t<\/div>\n\t\t<\/div>\n\t\t\t\t\t<\/div>\n\t\t<\/section>\n\t\t\t\t<\/div>","protected":false},"excerpt":{"rendered":"<p>Reserva una demo gratis Agenda una demostraci\u00f3n gratuita con nuestros expertos y descubre las ventajas de nuestra plataforma IA educativa l\u00edder. M\u00e1s de 250.000 docentes ya se han unido a Megaprofe.\u00bfA qu\u00e9 esperas para que tu centro educativo sea el siguiente?<\/p>","protected":false},"author":1,"featured_media":0,"parent":0,"menu_order":0,"comment_status":"closed","ping_status":"closed","template":"elementor_canvas","meta":{"footnotes":""},"class_list":["post-15531","page","type-page","status-publish","hentry"],"yoast_head":"<!-- This site is optimized with the Yoast SEO plugin v27.3 - https:\/\/yoast.com\/product\/yoast-seo-wordpress\/ -->\n<title>Agenda una demo gratis de Megaprofe - Megaprofe<\/title>\n<meta name=\"description\" content=\"Reserva tu demo gratuita ahora y descubre c\u00f3mo integrar la inteligencia artificial en tu centro educativo con Megaprofe.\" \/>\n<meta name=\"robots\" content=\"index, follow, max-snippet:-1, max-image-preview:large, max-video-preview:-1\" \/>\n<link rel=\"canonical\" href=\"https:\/\/megaprofe.es\/ca\/ia-centros-educativos\/\" \/>\n<meta property=\"og:locale\" content=\"ca_ES\" \/>\n<meta property=\"og:type\" content=\"article\" \/>\n<meta property=\"og:title\" content=\"Agenda una demo gratis de Megaprofe - Megaprofe\" \/>\n<meta property=\"og:description\" content=\"Reserva tu demo gratuita ahora y descubre c\u00f3mo integrar la inteligencia artificial en tu centro educativo con Megaprofe.\" \/>\n<meta property=\"og:url\" content=\"https:\/\/megaprofe.es\/ca\/ia-centros-educativos\/\" \/>\n<meta property=\"og:site_name\" content=\"Megaprofe\" \/>\n<meta property=\"article:modified_time\" content=\"2026-04-23T19:32:18+00:00\" \/>\n<meta name=\"twitter:card\" content=\"summary_large_image\" \/>\n<meta name=\"twitter:label1\" content=\"Temps estimat de lectura\" \/>\n\t<meta name=\"twitter:data1\" content=\"1 minut\" \/>\n<script type=\"application\/ld+json\" class=\"yoast-schema-graph\">{\"@context\":\"https:\\\/\\\/schema.org\",\"@graph\":[{\"@type\":\"WebPage\",\"@id\":\"https:\\\/\\\/megaprofe.es\\\/ia-centros-educativos\\\/\",\"url\":\"https:\\\/\\\/megaprofe.es\\\/ia-centros-educativos\\\/\",\"name\":\"Agenda una demo gratis de Megaprofe - Megaprofe\",\"isPartOf\":{\"@id\":\"https:\\\/\\\/megaprofe.es\\\/#website\"},\"datePublished\":\"2025-01-17T17:24:41+00:00\",\"dateModified\":\"2026-04-23T19:32:18+00:00\",\"description\":\"Reserva tu demo gratuita ahora y descubre c\u00f3mo integrar la inteligencia artificial en tu centro educativo con Megaprofe.\",\"breadcrumb\":{\"@id\":\"https:\\\/\\\/megaprofe.es\\\/ia-centros-educativos\\\/#breadcrumb\"},\"inLanguage\":\"ca\",\"potentialAction\":[{\"@type\":\"ReadAction\",\"target\":[\"https:\\\/\\\/megaprofe.es\\\/ia-centros-educativos\\\/\"]}]},{\"@type\":\"BreadcrumbList\",\"@id\":\"https:\\\/\\\/megaprofe.es\\\/ia-centros-educativos\\\/#breadcrumb\",\"itemListElement\":[{\"@type\":\"ListItem\",\"position\":1,\"name\":\"Portada\",\"item\":\"https:\\\/\\\/megaprofe.es\\\/\"},{\"@type\":\"ListItem\",\"position\":2,\"name\":\"Agenda una demo gratis de Megaprofe\"}]},{\"@type\":\"WebSite\",\"@id\":\"https:\\\/\\\/megaprofe.es\\\/#website\",\"url\":\"https:\\\/\\\/megaprofe.es\\\/\",\"name\":\"Megaprofe\",\"description\":\"Inteligencia Artificial para Profesores y Escuelas\",\"publisher\":{\"@id\":\"https:\\\/\\\/megaprofe.es\\\/#organization\"},\"potentialAction\":[{\"@type\":\"SearchAction\",\"target\":{\"@type\":\"EntryPoint\",\"urlTemplate\":\"https:\\\/\\\/megaprofe.es\\\/?s={search_term_string}\"},\"query-input\":{\"@type\":\"PropertyValueSpecification\",\"valueRequired\":true,\"valueName\":\"search_term_string\"}}],\"inLanguage\":\"ca\"},{\"@type\":\"Organization\",\"@id\":\"https:\\\/\\\/megaprofe.es\\\/#organization\",\"name\":\"Megaprofe\",\"url\":\"https:\\\/\\\/megaprofe.es\\\/\",\"logo\":{\"@type\":\"ImageObject\",\"inLanguage\":\"ca\",\"@id\":\"https:\\\/\\\/megaprofe.es\\\/#\\\/schema\\\/logo\\\/image\\\/\",\"url\":\"https:\\\/\\\/megaprofe.es\\\/wp-content\\\/uploads\\\/2023\\\/06\\\/cropped-icon.png\",\"contentUrl\":\"https:\\\/\\\/megaprofe.es\\\/wp-content\\\/uploads\\\/2023\\\/06\\\/cropped-icon.png\",\"width\":572,\"height\":572,\"caption\":\"Megaprofe\"},\"image\":{\"@id\":\"https:\\\/\\\/megaprofe.es\\\/#\\\/schema\\\/logo\\\/image\\\/\"}}]}<\/script>\n<!-- \/ Yoast SEO plugin. -->","yoast_head_json":{"title":"Agenda una demo gratis de Megaprofe - Megaprofe","description":"Reserva tu demo gratuita ahora y descubre c\u00f3mo integrar la inteligencia artificial en tu centro educativo con Megaprofe.","robots":{"index":"index","follow":"follow","max-snippet":"max-snippet:-1","max-image-preview":"max-image-preview:large","max-video-preview":"max-video-preview:-1"},"canonical":"https:\/\/megaprofe.es\/ca\/ia-centros-educativos\/","og_locale":"ca_ES","og_type":"article","og_title":"Agenda una demo gratis de Megaprofe - Megaprofe","og_description":"Reserva tu demo gratuita ahora y descubre c\u00f3mo integrar la inteligencia artificial en tu centro educativo con Megaprofe.","og_url":"https:\/\/megaprofe.es\/ca\/ia-centros-educativos\/","og_site_name":"Megaprofe","article_modified_time":"2026-04-23T19:32:18+00:00","twitter_card":"summary_large_image","twitter_misc":{"Temps estimat de lectura":"1 minut"},"schema":{"@context":"https:\/\/schema.org","@graph":[{"@type":"WebPage","@id":"https:\/\/megaprofe.es\/ia-centros-educativos\/","url":"https:\/\/megaprofe.es\/ia-centros-educativos\/","name":"Agenda una demo gratis de Megaprofe - Megaprofe","isPartOf":{"@id":"https:\/\/megaprofe.es\/#website"},"datePublished":"2025-01-17T17:24:41+00:00","dateModified":"2026-04-23T19:32:18+00:00","description":"Reserva tu demo gratuita ahora y descubre c\u00f3mo integrar la inteligencia artificial en tu centro educativo con Megaprofe.","breadcrumb":{"@id":"https:\/\/megaprofe.es\/ia-centros-educativos\/#breadcrumb"},"inLanguage":"ca","potentialAction":[{"@type":"ReadAction","target":["https:\/\/megaprofe.es\/ia-centros-educativos\/"]}]},{"@type":"BreadcrumbList","@id":"https:\/\/megaprofe.es\/ia-centros-educativos\/#breadcrumb","itemListElement":[{"@type":"ListItem","position":1,"name":"Portada","item":"https:\/\/megaprofe.es\/"},{"@type":"ListItem","position":2,"name":"Agenda una demo gratis de Megaprofe"}]},{"@type":"WebSite","@id":"https:\/\/megaprofe.es\/#website","url":"https:\/\/megaprofe.es\/","name":"Megaprofe","description":"Intel\u00b7lig\u00e8ncia Artificial per Professors i Escoles","publisher":{"@id":"https:\/\/megaprofe.es\/#organization"},"potentialAction":[{"@type":"SearchAction","target":{"@type":"EntryPoint","urlTemplate":"https:\/\/megaprofe.es\/?s={search_term_string}"},"query-input":{"@type":"PropertyValueSpecification","valueRequired":true,"valueName":"search_term_string"}}],"inLanguage":"ca"},{"@type":"Organization","@id":"https:\/\/megaprofe.es\/#organization","name":"Megaprofe","url":"https:\/\/megaprofe.es\/","logo":{"@type":"ImageObject","inLanguage":"ca","@id":"https:\/\/megaprofe.es\/#\/schema\/logo\/image\/","url":"https:\/\/megaprofe.es\/wp-content\/uploads\/2023\/06\/cropped-icon.png","contentUrl":"https:\/\/megaprofe.es\/wp-content\/uploads\/2023\/06\/cropped-icon.png","width":572,"height":572,"caption":"Megaprofe"},"image":{"@id":"https:\/\/megaprofe.es\/#\/schema\/logo\/image\/"}}]}},"_links":{"self":[{"href":"https:\/\/megaprofe.es\/ca\/wp-json\/wp\/v2\/pages\/15531","targetHints":{"allow":["GET"]}}],"collection":[{"href":"https:\/\/megaprofe.es\/ca\/wp-json\/wp\/v2\/pages"}],"about":[{"href":"https:\/\/megaprofe.es\/ca\/wp-json\/wp\/v2\/types\/page"}],"author":[{"embeddable":true,"href":"https:\/\/megaprofe.es\/ca\/wp-json\/wp\/v2\/users\/1"}],"replies":[{"embeddable":true,"href":"https:\/\/megaprofe.es\/ca\/wp-json\/wp\/v2\/comments?post=15531"}],"version-history":[{"count":30,"href":"https:\/\/megaprofe.es\/ca\/wp-json\/wp\/v2\/pages\/15531\/revisions"}],"predecessor-version":[{"id":17695,"href":"https:\/\/megaprofe.es\/ca\/wp-json\/wp\/v2\/pages\/15531\/revisions\/17695"}],"wp:attachment":[{"href":"https:\/\/megaprofe.es\/ca\/wp-json\/wp\/v2\/media?parent=15531"}],"curies":[{"name":"wp","href":"https:\/\/api.w.org\/{rel}","templated":true}]}}