{"id":15800,"date":"2025-02-05T20:09:21","date_gmt":"2025-02-05T20:09:21","guid":{"rendered":"https:\/\/megaprofe.es\/?page_id=15800"},"modified":"2025-02-14T20:32:49","modified_gmt":"2025-02-14T20:32:49","slug":"test-auto-diagnostico-esta-tu-centro-educativo-listo-para-la-ia","status":"publish","type":"page","link":"https:\/\/megaprofe.es\/ca\/test-auto-diagnostico-esta-tu-centro-educativo-listo-para-la-ia\/","title":{"rendered":"Test auto-diagn\u00f3stico: \u00bfEst\u00e1 tu Centro Educativo listo para la IA?"},"content":{"rendered":"<div data-elementor-type=\"wp-page\" data-elementor-id=\"15800\" class=\"elementor elementor-15800\" data-elementor-settings=\"{&quot;ha_cmc_init_switcher&quot;:&quot;no&quot;}\">\n\t\t\t\t\t\t<section class=\"elementor-section elementor-top-section elementor-element elementor-element-5504b4e elementor-section-boxed elementor-section-height-default elementor-section-height-default e-parent\" data-id=\"5504b4e\" data-element_type=\"section\" data-e-type=\"section\" data-settings=\"{&quot;background_background&quot;:&quot;classic&quot;,&quot;_ha_eqh_enable&quot;:false}\">\n\t\t\t\t\t\t<div class=\"elementor-container elementor-column-gap-default\">\n\t\t\t\t\t<div class=\"elementor-column elementor-col-100 elementor-top-column elementor-element elementor-element-3a50efd5 lakit-col-width-auto-no\" data-id=\"3a50efd5\" data-element_type=\"column\" data-e-type=\"column\">\n\t\t\t<div class=\"elementor-widget-wrap elementor-element-populated\">\n\t\t\t\t\t\t<div class=\"elementor-element elementor-element-e162ae9 elementor-widget elementor-widget-heading\" data-id=\"e162ae9\" data-element_type=\"widget\" data-e-type=\"widget\" data-widget_type=\"heading.default\">\n\t\t\t\t<div class=\"elementor-widget-container\">\n\t\t\t\t\t<h1 class=\"elementor-heading-title elementor-size-default\">\u00bfEst\u00e1 tu escuela lista para la IA?<\/h1>\t\t\t\t<\/div>\n\t\t\t\t<\/div>\n\t\t\t\t<div class=\"elementor-element elementor-element-815d84f elementor-widget elementor-widget-heading\" data-id=\"815d84f\" data-element_type=\"widget\" data-e-type=\"widget\" data-widget_type=\"heading.default\">\n\t\t\t\t<div class=\"elementor-widget-container\">\n\t\t\t\t\t<h5 class=\"elementor-heading-title elementor-size-default\">Cuestionario de autodiagn\u00f3stico gratuito<\/h5>\t\t\t\t<\/div>\n\t\t\t\t<\/div>\n\t\t\t\t\t<\/div>\n\t\t<\/div>\n\t\t\t\t\t<\/div>\n\t\t<\/section>\n\t\t\t\t<section class=\"elementor-section elementor-top-section elementor-element elementor-element-1534eed elementor-section-boxed elementor-section-height-default elementor-section-height-default e-parent\" data-id=\"1534eed\" data-element_type=\"section\" data-e-type=\"section\" data-settings=\"{&quot;_ha_eqh_enable&quot;:false}\">\n\t\t\t\t\t\t<div class=\"elementor-container elementor-column-gap-default\">\n\t\t\t\t\t<div class=\"elementor-column elementor-col-100 elementor-top-column elementor-element elementor-element-b796eb9 lakit-col-width-auto-no\" data-id=\"b796eb9\" data-element_type=\"column\" data-e-type=\"column\">\n\t\t\t<div class=\"elementor-widget-wrap elementor-element-populated\">\n\t\t\t\t\t\t<div class=\"elementor-element elementor-element-ffeeb7e elementor-widget elementor-widget-html\" data-id=\"ffeeb7e\" data-element_type=\"widget\" data-e-type=\"widget\" data-widget_type=\"html.default\">\n\t\t\t\t<div class=\"elementor-widget-container\">\n\t\t\t\t\t<!DOCTYPE html>\r\n<html lang=\"es\">\r\n<head>\r\n    <meta charset=\"UTF-8\">\r\n    <meta name=\"viewport\" content=\"width=device-width, initial-scale=1.0\">\r\n    <title>\u00bfEst\u00e1 tu Centro Educativo Listo para la IA?<\/title>\r\n    <!-- Bootstrap 5 CSS -->\r\n    <link href=\"https:\/\/cdn.jsdelivr.net\/npm\/bootstrap@5.0.2\/dist\/css\/bootstrap.min.css\" rel=\"stylesheet\">\r\n    <!-- Bootstrap Icons -->\r\n    <link rel=\"stylesheet\" href=\"https:\/\/cdn.jsdelivr.net\/npm\/bootstrap-icons@1.11.3\/font\/bootstrap-icons.min.css\">\r\n    <!-- Estilos personalizados -->\r\n    <link href=\"https:\/\/megaprofe.es\/downloads\/autodiag\/style.css?rnd=23114\" rel=\"stylesheet\">\r\n<\/head>\r\n<body>\r\n    <div class=\"container\">\r\n        <!-- Pantalla 1: Bienvenida -->\r\n        <div id=\"welcome-screen\" class=\"screen\">\r\n            \r\n            <div class=\"welcome-container\">\r\n                \r\n                <div style=\"width:30%; margin: 0 auto 40px;\">\r\n            <img decoding=\"async\" src=\"https:\/\/megaprofe.es\/downloads\/autodiag\/logo_color2.png\" alt=\"Logo\" class=\"print-header-logo\">\r\n        <\/div>\r\n                <div class=\"welcome-content\"><h3 class=\"text-center\">Cuestionario Online gratuito<\/h3><br>\r\n                    <p class=\"welcome-text\">\r\n        + Evaluaci\u00f3n gratuita en cuatro \u00e1reas clave.<br>\r\n        + Resultados inmediatos con un diagn\u00f3stico detallado.<br>\r\n        + Prepara tu escuela para integrar la IA de forma efectiva y segura.\r\n    \r\n<\/p>\r\n\r\n                    \r\n                    <div class=\"welcome-features\">\r\n                        <div class=\"feature-item\">\r\n                            <div class=\"feature-icon\">\r\n                                <i class=\"bi bi-pc-display\"><\/i>\r\n                            <\/div>\r\n                            <div class=\"feature-text\">\r\n                                Infraestructura Tecnol\u00f3gica\r\n                            <\/div>\r\n                        <\/div>\r\n                        \r\n                        <div class=\"feature-item\">\r\n                            <div class=\"feature-icon\">\r\n                                <i class=\"bi bi-person-workspace\"><\/i>\r\n                            <\/div>\r\n                            <div class=\"feature-text\">\r\n                                Competencia Docente\r\n                            <\/div>\r\n                        <\/div>\r\n                        \r\n                        <div class=\"feature-item\">\r\n                            <div class=\"feature-icon\">\r\n                                <i class=\"bi bi-graph-up-arrow\"><\/i>\r\n                            <\/div>\r\n                            <div class=\"feature-text\">\r\n                                Planificaci\u00f3n Estrat\u00e9gica\r\n                            <\/div>\r\n                        <\/div>\r\n                        \r\n                        <div class=\"feature-item\">\r\n                            <div class=\"feature-icon\">\r\n                                <i class=\"bi bi-shield-check\"><\/i>\r\n                            <\/div>\r\n                            <div class=\"feature-text\">\r\n                                \u00c9tica y Privacidad\r\n                            <\/div>\r\n                        <\/div>\r\n                    <\/div>\r\n                    \r\n                    <p class=\"welcome-text text-center\">Al finalizar, recibir\u00e1s un diagn\u00f3stico detallado y recomendaciones personalizadas para mejorar la preparaci\u00f3n de tu centro.<\/p>\r\n                    \r\n                    <button id=\"start-btn\" class=\"btn btn-primary start-button\">\r\n                        <i class=\"bi bi-arrow-right-circle\"><\/i>\r\n                        Comenzar\r\n                    <\/button>\r\n                <\/div>\r\n            <\/div>\r\n        <\/div>\r\n\r\n        <!-- Pantalla 2: Cuestionario -->\r\n        <div id=\"questionnaire-screen\" class=\"screen d-none\">\r\n            <form id=\"assessment-form\" action=\"\">\r\n                <!-- El contenido del cuestionario se generar\u00e1 din\u00e1micamente con JavaScript -->\r\n            <input type=\"hidden\" name=\"trp-form-language\" value=\"ca\"\/><\/form>\r\n        <\/div> \r\n\r\n        <!-- Pantalla 3: Resultados -->\r\n        <div id=\"results-screen\" class=\"screen d-none\">\r\n            <div id=\"results-content\">\r\n                <!-- Los resultados se generar\u00e1n din\u00e1micamente con JavaScript -->\r\n            <\/div>\r\n        <\/div>\r\n\r\n        <!-- Pantalla 4: Resultados Detallados -->\r\n        <div id=\"detailed-results-screen\" class=\"screen d-none\">\r\n            <div id=\"detailed-results-content\">\r\n                <!-- El contenido detallado se generar\u00e1 din\u00e1micamente con JavaScript -->\r\n            <\/div>\r\n        <\/div>\r\n    <\/div>\r\n\r\n    <!-- Bootstrap 5 JS y Popper.js -->\r\n    <script src=\"https:\/\/cdn.jsdelivr.net\/npm\/bootstrap@5.0.2\/dist\/js\/bootstrap.bundle.min.js\"><\/script>\r\n    <!-- Script personalizado -->\r\n    <script src=\"https:\/\/megaprofe.es\/downloads\/autodiag\/script.js?rnd=123854\"><\/script>\r\n<\/body>\r\n<\/html> \t\t\t\t<\/div>\n\t\t\t\t<\/div>\n\t\t\t\t\t<\/div>\n\t\t<\/div>\n\t\t\t\t\t<\/div>\n\t\t<\/section>\n\t\t\t\t<section class=\"elementor-section elementor-top-section elementor-element elementor-element-685e429 elementor-section-boxed elementor-section-height-default elementor-section-height-default e-parent\" data-id=\"685e429\" data-element_type=\"section\" data-e-type=\"section\" data-settings=\"{&quot;_ha_eqh_enable&quot;:false}\">\n\t\t\t\t\t\t<div class=\"elementor-container elementor-column-gap-default\">\n\t\t\t\t\t<div class=\"elementor-column elementor-col-33 elementor-top-column elementor-element elementor-element-17ff7ba lakit-col-width-auto-no\" data-id=\"17ff7ba\" data-element_type=\"column\" data-e-type=\"column\">\n\t\t\t<div class=\"elementor-widget-wrap elementor-element-populated\">\n\t\t\t\t\t\t<div class=\"elementor-element elementor-element-b43c339 elementor-view-default elementor-position-block-start elementor-mobile-position-block-start elementor-widget elementor-widget-icon-box\" data-id=\"b43c339\" data-element_type=\"widget\" data-e-type=\"widget\" data-widget_type=\"icon-box.default\">\n\t\t\t\t<div class=\"elementor-widget-container\">\n\t\t\t\t\t\t\t<div class=\"elementor-icon-box-wrapper\">\n\n\t\t\t\t\t\t<div class=\"elementor-icon-box-icon\">\n\t\t\t\t<span  class=\"elementor-icon\">\n\t\t\t\t<svg xmlns=\"http:\/\/www.w3.org\/2000\/svg\" width=\"1024\" height=\"1024\" viewbox=\"0 0 1024 1024\" class=\"lakit-font-icon-svg\" data-icon-name=\"design_book-bookmark\" data-icon-type=\"dlicon\"><path d=\"M928 992V32c0-17.696-14.336-32-32-32H224C153.408 0 96 57.408 96 128v768c0 70.592 57.408 128 128 128h672c17.664 0 32-14.304 32-32zM512 64h192v256l-76.8-57.6c-11.36-8.576-27.04-8.576-38.4 0L512 320V64zm-352 64c0-35.296 28.704-64 64-64h224v320c0 12.128 6.848 23.2 17.696 28.64 10.816 5.376 23.776 4.256 33.504-3.04L608 328l108.8 81.6A31.909 31.909 0 0 0 736 416c4.864 0 9.792-1.12 14.304-3.36A32.035 32.035 0 0 0 768 384V64h96v704H224c-23.296 0-45.152 6.24-64 17.184V128zm64 832c-35.296 0-64-28.704-64-64s28.704-64 64-64h640v128H224z\" fill=\"currentColor\"\/><\/svg>\t\t\t\t<\/span>\n\t\t\t<\/div>\n\t\t\t\n\t\t\t\t\t\t<div class=\"elementor-icon-box-content\">\n\n\t\t\t\t\t\t\t\t\t<h3 class=\"elementor-icon-box-title\">\n\t\t\t\t\t\t<span  >\n\t\t\t\t\t\t\tBasado en est\u00e1ndares educativos y buenas pr\u00e1cticas internacionales\t\t\t\t\t\t<\/span>\n\t\t\t\t\t<\/h3>\n\t\t\t\t\n\t\t\t\t\n\t\t\t<\/div>\n\t\t\t\n\t\t<\/div>\n\t\t\t\t\t\t<\/div>\n\t\t\t\t<\/div>\n\t\t\t\t\t<\/div>\n\t\t<\/div>\n\t\t\t\t<div class=\"elementor-column elementor-col-33 elementor-top-column elementor-element elementor-element-63d9b98 lakit-col-width-auto-no\" data-id=\"63d9b98\" data-element_type=\"column\" data-e-type=\"column\">\n\t\t\t<div class=\"elementor-widget-wrap elementor-element-populated\">\n\t\t\t\t\t\t<div class=\"elementor-element elementor-element-91ef3c8 elementor-view-default elementor-position-block-start elementor-mobile-position-block-start elementor-widget elementor-widget-icon-box\" data-id=\"91ef3c8\" data-element_type=\"widget\" data-e-type=\"widget\" data-widget_type=\"icon-box.default\">\n\t\t\t\t<div class=\"elementor-widget-container\">\n\t\t\t\t\t\t\t<div class=\"elementor-icon-box-wrapper\">\n\n\t\t\t\t\t\t<div class=\"elementor-icon-box-icon\">\n\t\t\t\t<span  class=\"elementor-icon\">\n\t\t\t\t<i aria-hidden=\"true\" class=\"huge huge-ai-network\"><\/i>\t\t\t\t<\/span>\n\t\t\t<\/div>\n\t\t\t\n\t\t\t\t\t\t<div class=\"elementor-icon-box-content\">\n\n\t\t\t\t\t\t\t\t\t<h3 class=\"elementor-icon-box-title\">\n\t\t\t\t\t\t<span  >\n\t\t\t\t\t\t\tPrep\u00e1rate para el futuro \u2013 Adapta tu escuela a la era de la Inteligencia Artificial\t\t\t\t\t\t<\/span>\n\t\t\t\t\t<\/h3>\n\t\t\t\t\n\t\t\t\t\n\t\t\t<\/div>\n\t\t\t\n\t\t<\/div>\n\t\t\t\t\t\t<\/div>\n\t\t\t\t<\/div>\n\t\t\t\t\t<\/div>\n\t\t<\/div>\n\t\t\t\t<div class=\"elementor-column elementor-col-33 elementor-top-column elementor-element elementor-element-c4aa2a6 lakit-col-width-auto-no\" data-id=\"c4aa2a6\" data-element_type=\"column\" data-e-type=\"column\">\n\t\t\t<div class=\"elementor-widget-wrap elementor-element-populated\">\n\t\t\t\t\t\t<div class=\"elementor-element elementor-element-0e4e2eb elementor-view-default elementor-position-block-start elementor-mobile-position-block-start elementor-widget elementor-widget-icon-box\" data-id=\"0e4e2eb\" data-element_type=\"widget\" data-e-type=\"widget\" data-widget_type=\"icon-box.default\">\n\t\t\t\t<div class=\"elementor-widget-container\">\n\t\t\t\t\t\t\t<div class=\"elementor-icon-box-wrapper\">\n\n\t\t\t\t\t\t<div class=\"elementor-icon-box-icon\">\n\t\t\t\t<span  class=\"elementor-icon\">\n\t\t\t\t<i aria-hidden=\"true\" class=\"huge huge-school\"><\/i>\t\t\t\t<\/span>\n\t\t\t<\/div>\n\t\t\t\n\t\t\t\t\t\t<div class=\"elementor-icon-box-content\">\n\n\t\t\t\t\t\t\t\t\t<h3 class=\"elementor-icon-box-title\">\n\t\t\t\t\t\t<span  >\n\t\t\t\t\t\t\t\u00danete a cientos de escuelas que ya est\u00e1n dando el primer paso hacia el uso de la IA\t\t\t\t\t\t<\/span>\n\t\t\t\t\t<\/h3>\n\t\t\t\t\n\t\t\t\t\n\t\t\t<\/div>\n\t\t\t\n\t\t<\/div>\n\t\t\t\t\t\t<\/div>\n\t\t\t\t<\/div>\n\t\t\t\t\t<\/div>\n\t\t<\/div>\n\t\t\t\t\t<\/div>\n\t\t<\/section>\n\t\t\t\t<\/div>","protected":false},"excerpt":{"rendered":"<p>Eval\u00faa el nivel de preparaci\u00f3n de tu centro para implementar la inteligencia artificial en tu centro educativo con este Test auto-diagn\u00f3stico<\/p>","protected":false},"author":1,"featured_media":6654,"parent":0,"menu_order":0,"comment_status":"closed","ping_status":"closed","template":"elementor_canvas","meta":{"footnotes":""},"class_list":["post-15800","page","type-page","status-publish","has-post-thumbnail","hentry"],"yoast_head":"<!-- This site is optimized with the Yoast SEO plugin v27.3 - https:\/\/yoast.com\/product\/yoast-seo-wordpress\/ -->\n<title>Test auto-diagn\u00f3stico: \u00bfEst\u00e1 tu Centro Educativo listo para la IA? - Megaprofe<\/title>\n<meta name=\"description\" content=\"Eval\u00faa el nivel de preparaci\u00f3n de tu centro para implementar la inteligencia artificial en tu centro educativo con este Test auto-diagn\u00f3stico\" \/>\n<meta name=\"robots\" content=\"index, follow, max-snippet:-1, max-image-preview:large, max-video-preview:-1\" \/>\n<link rel=\"canonical\" href=\"https:\/\/megaprofe.es\/ca\/test-auto-diagnostico-esta-tu-centro-educativo-listo-para-la-ia\/\" \/>\n<meta property=\"og:locale\" content=\"ca_ES\" \/>\n<meta property=\"og:type\" content=\"article\" \/>\n<meta property=\"og:title\" content=\"Test auto-diagn\u00f3stico: \u00bfEst\u00e1 tu Centro Educativo listo para la IA? - Megaprofe\" \/>\n<meta property=\"og:description\" content=\"Eval\u00faa el nivel de preparaci\u00f3n de tu centro para implementar la inteligencia artificial en tu centro educativo con este Test auto-diagn\u00f3stico\" \/>\n<meta property=\"og:url\" content=\"https:\/\/megaprofe.es\/ca\/test-auto-diagnostico-esta-tu-centro-educativo-listo-para-la-ia\/\" \/>\n<meta property=\"og:site_name\" content=\"Megaprofe\" \/>\n<meta property=\"article:modified_time\" content=\"2025-02-14T20:32:49+00:00\" \/>\n<meta property=\"og:image\" content=\"https:\/\/megaprofe.es\/wp-content\/uploads\/2023\/07\/mujer_brazos.png\" \/>\n\t<meta property=\"og:image:width\" content=\"201\" \/>\n\t<meta property=\"og:image:height\" content=\"280\" \/>\n\t<meta property=\"og:image:type\" content=\"image\/png\" \/>\n<meta name=\"twitter:card\" content=\"summary_large_image\" \/>\n<meta name=\"twitter:label1\" content=\"Temps estimat de lectura\" \/>\n\t<meta name=\"twitter:data1\" content=\"1 minut\" \/>\n<script type=\"application\/ld+json\" class=\"yoast-schema-graph\">{\"@context\":\"https:\\\/\\\/schema.org\",\"@graph\":[{\"@type\":\"WebPage\",\"@id\":\"https:\\\/\\\/megaprofe.es\\\/test-auto-diagnostico-esta-tu-centro-educativo-listo-para-la-ia\\\/\",\"url\":\"https:\\\/\\\/megaprofe.es\\\/test-auto-diagnostico-esta-tu-centro-educativo-listo-para-la-ia\\\/\",\"name\":\"Test auto-diagn\u00f3stico: \u00bfEst\u00e1 tu Centro Educativo listo para la IA? - Megaprofe\",\"isPartOf\":{\"@id\":\"https:\\\/\\\/megaprofe.es\\\/#website\"},\"primaryImageOfPage\":{\"@id\":\"https:\\\/\\\/megaprofe.es\\\/test-auto-diagnostico-esta-tu-centro-educativo-listo-para-la-ia\\\/#primaryimage\"},\"image\":{\"@id\":\"https:\\\/\\\/megaprofe.es\\\/test-auto-diagnostico-esta-tu-centro-educativo-listo-para-la-ia\\\/#primaryimage\"},\"thumbnailUrl\":\"https:\\\/\\\/megaprofe.es\\\/wp-content\\\/uploads\\\/2023\\\/07\\\/mujer_brazos.png\",\"datePublished\":\"2025-02-05T20:09:21+00:00\",\"dateModified\":\"2025-02-14T20:32:49+00:00\",\"description\":\"Eval\u00faa el nivel de preparaci\u00f3n de tu centro para implementar la inteligencia artificial en tu centro educativo con este Test auto-diagn\u00f3stico\",\"breadcrumb\":{\"@id\":\"https:\\\/\\\/megaprofe.es\\\/test-auto-diagnostico-esta-tu-centro-educativo-listo-para-la-ia\\\/#breadcrumb\"},\"inLanguage\":\"ca\",\"potentialAction\":[{\"@type\":\"ReadAction\",\"target\":[\"https:\\\/\\\/megaprofe.es\\\/test-auto-diagnostico-esta-tu-centro-educativo-listo-para-la-ia\\\/\"]}]},{\"@type\":\"ImageObject\",\"inLanguage\":\"ca\",\"@id\":\"https:\\\/\\\/megaprofe.es\\\/test-auto-diagnostico-esta-tu-centro-educativo-listo-para-la-ia\\\/#primaryimage\",\"url\":\"https:\\\/\\\/megaprofe.es\\\/wp-content\\\/uploads\\\/2023\\\/07\\\/mujer_brazos.png\",\"contentUrl\":\"https:\\\/\\\/megaprofe.es\\\/wp-content\\\/uploads\\\/2023\\\/07\\\/mujer_brazos.png\",\"width\":201,\"height\":280},{\"@type\":\"BreadcrumbList\",\"@id\":\"https:\\\/\\\/megaprofe.es\\\/test-auto-diagnostico-esta-tu-centro-educativo-listo-para-la-ia\\\/#breadcrumb\",\"itemListElement\":[{\"@type\":\"ListItem\",\"position\":1,\"name\":\"Portada\",\"item\":\"https:\\\/\\\/megaprofe.es\\\/\"},{\"@type\":\"ListItem\",\"position\":2,\"name\":\"Test auto-diagn\u00f3stico: \u00bfEst\u00e1 tu Centro Educativo listo para la IA?\"}]},{\"@type\":\"WebSite\",\"@id\":\"https:\\\/\\\/megaprofe.es\\\/#website\",\"url\":\"https:\\\/\\\/megaprofe.es\\\/\",\"name\":\"Megaprofe\",\"description\":\"Inteligencia Artificial para Profesores y Escuelas\",\"publisher\":{\"@id\":\"https:\\\/\\\/megaprofe.es\\\/#organization\"},\"potentialAction\":[{\"@type\":\"SearchAction\",\"target\":{\"@type\":\"EntryPoint\",\"urlTemplate\":\"https:\\\/\\\/megaprofe.es\\\/?s={search_term_string}\"},\"query-input\":{\"@type\":\"PropertyValueSpecification\",\"valueRequired\":true,\"valueName\":\"search_term_string\"}}],\"inLanguage\":\"ca\"},{\"@type\":\"Organization\",\"@id\":\"https:\\\/\\\/megaprofe.es\\\/#organization\",\"name\":\"Megaprofe\",\"url\":\"https:\\\/\\\/megaprofe.es\\\/\",\"logo\":{\"@type\":\"ImageObject\",\"inLanguage\":\"ca\",\"@id\":\"https:\\\/\\\/megaprofe.es\\\/#\\\/schema\\\/logo\\\/image\\\/\",\"url\":\"https:\\\/\\\/megaprofe.es\\\/wp-content\\\/uploads\\\/2023\\\/06\\\/cropped-icon.png\",\"contentUrl\":\"https:\\\/\\\/megaprofe.es\\\/wp-content\\\/uploads\\\/2023\\\/06\\\/cropped-icon.png\",\"width\":572,\"height\":572,\"caption\":\"Megaprofe\"},\"image\":{\"@id\":\"https:\\\/\\\/megaprofe.es\\\/#\\\/schema\\\/logo\\\/image\\\/\"}}]}<\/script>\n<!-- \/ Yoast SEO plugin. -->","yoast_head_json":{"title":"Test auto-diagn\u00f3stico: \u00bfEst\u00e1 tu Centro Educativo listo para la IA? - Megaprofe","description":"Eval\u00faa el nivel de preparaci\u00f3n de tu centro para implementar la inteligencia artificial en tu centro educativo con este Test auto-diagn\u00f3stico","robots":{"index":"index","follow":"follow","max-snippet":"max-snippet:-1","max-image-preview":"max-image-preview:large","max-video-preview":"max-video-preview:-1"},"canonical":"https:\/\/megaprofe.es\/ca\/test-auto-diagnostico-esta-tu-centro-educativo-listo-para-la-ia\/","og_locale":"ca_ES","og_type":"article","og_title":"Test auto-diagn\u00f3stico: \u00bfEst\u00e1 tu Centro Educativo listo para la IA? - Megaprofe","og_description":"Eval\u00faa el nivel de preparaci\u00f3n de tu centro para implementar la inteligencia artificial en tu centro educativo con este Test auto-diagn\u00f3stico","og_url":"https:\/\/megaprofe.es\/ca\/test-auto-diagnostico-esta-tu-centro-educativo-listo-para-la-ia\/","og_site_name":"Megaprofe","article_modified_time":"2025-02-14T20:32:49+00:00","og_image":[{"width":201,"height":280,"url":"https:\/\/megaprofe.es\/wp-content\/uploads\/2023\/07\/mujer_brazos.png","type":"image\/png"}],"twitter_card":"summary_large_image","twitter_misc":{"Temps estimat de lectura":"1 minut"},"schema":{"@context":"https:\/\/schema.org","@graph":[{"@type":"WebPage","@id":"https:\/\/megaprofe.es\/test-auto-diagnostico-esta-tu-centro-educativo-listo-para-la-ia\/","url":"https:\/\/megaprofe.es\/test-auto-diagnostico-esta-tu-centro-educativo-listo-para-la-ia\/","name":"Test auto-diagn\u00f3stico: \u00bfEst\u00e1 tu Centro Educativo listo para la IA? - Megaprofe","isPartOf":{"@id":"https:\/\/megaprofe.es\/#website"},"primaryImageOfPage":{"@id":"https:\/\/megaprofe.es\/test-auto-diagnostico-esta-tu-centro-educativo-listo-para-la-ia\/#primaryimage"},"image":{"@id":"https:\/\/megaprofe.es\/test-auto-diagnostico-esta-tu-centro-educativo-listo-para-la-ia\/#primaryimage"},"thumbnailUrl":"https:\/\/megaprofe.es\/wp-content\/uploads\/2023\/07\/mujer_brazos.png","datePublished":"2025-02-05T20:09:21+00:00","dateModified":"2025-02-14T20:32:49+00:00","description":"Eval\u00faa el nivel de preparaci\u00f3n de tu centro para implementar la inteligencia artificial en tu centro educativo con este Test auto-diagn\u00f3stico","breadcrumb":{"@id":"https:\/\/megaprofe.es\/test-auto-diagnostico-esta-tu-centro-educativo-listo-para-la-ia\/#breadcrumb"},"inLanguage":"ca","potentialAction":[{"@type":"ReadAction","target":["https:\/\/megaprofe.es\/test-auto-diagnostico-esta-tu-centro-educativo-listo-para-la-ia\/"]}]},{"@type":"ImageObject","inLanguage":"ca","@id":"https:\/\/megaprofe.es\/test-auto-diagnostico-esta-tu-centro-educativo-listo-para-la-ia\/#primaryimage","url":"https:\/\/megaprofe.es\/wp-content\/uploads\/2023\/07\/mujer_brazos.png","contentUrl":"https:\/\/megaprofe.es\/wp-content\/uploads\/2023\/07\/mujer_brazos.png","width":201,"height":280},{"@type":"BreadcrumbList","@id":"https:\/\/megaprofe.es\/test-auto-diagnostico-esta-tu-centro-educativo-listo-para-la-ia\/#breadcrumb","itemListElement":[{"@type":"ListItem","position":1,"name":"Portada","item":"https:\/\/megaprofe.es\/"},{"@type":"ListItem","position":2,"name":"Test auto-diagn\u00f3stico: \u00bfEst\u00e1 tu Centro Educativo listo para la IA?"}]},{"@type":"WebSite","@id":"https:\/\/megaprofe.es\/#website","url":"https:\/\/megaprofe.es\/","name":"Megaprofe","description":"Intel\u00b7lig\u00e8ncia Artificial per Professors i Escoles","publisher":{"@id":"https:\/\/megaprofe.es\/#organization"},"potentialAction":[{"@type":"SearchAction","target":{"@type":"EntryPoint","urlTemplate":"https:\/\/megaprofe.es\/?s={search_term_string}"},"query-input":{"@type":"PropertyValueSpecification","valueRequired":true,"valueName":"search_term_string"}}],"inLanguage":"ca"},{"@type":"Organization","@id":"https:\/\/megaprofe.es\/#organization","name":"Megaprofe","url":"https:\/\/megaprofe.es\/","logo":{"@type":"ImageObject","inLanguage":"ca","@id":"https:\/\/megaprofe.es\/#\/schema\/logo\/image\/","url":"https:\/\/megaprofe.es\/wp-content\/uploads\/2023\/06\/cropped-icon.png","contentUrl":"https:\/\/megaprofe.es\/wp-content\/uploads\/2023\/06\/cropped-icon.png","width":572,"height":572,"caption":"Megaprofe"},"image":{"@id":"https:\/\/megaprofe.es\/#\/schema\/logo\/image\/"}}]}},"_links":{"self":[{"href":"https:\/\/megaprofe.es\/ca\/wp-json\/wp\/v2\/pages\/15800","targetHints":{"allow":["GET"]}}],"collection":[{"href":"https:\/\/megaprofe.es\/ca\/wp-json\/wp\/v2\/pages"}],"about":[{"href":"https:\/\/megaprofe.es\/ca\/wp-json\/wp\/v2\/types\/page"}],"author":[{"embeddable":true,"href":"https:\/\/megaprofe.es\/ca\/wp-json\/wp\/v2\/users\/1"}],"replies":[{"embeddable":true,"href":"https:\/\/megaprofe.es\/ca\/wp-json\/wp\/v2\/comments?post=15800"}],"version-history":[{"count":120,"href":"https:\/\/megaprofe.es\/ca\/wp-json\/wp\/v2\/pages\/15800\/revisions"}],"predecessor-version":[{"id":15955,"href":"https:\/\/megaprofe.es\/ca\/wp-json\/wp\/v2\/pages\/15800\/revisions\/15955"}],"wp:featuredmedia":[{"embeddable":true,"href":"https:\/\/megaprofe.es\/ca\/wp-json\/wp\/v2\/media\/6654"}],"wp:attachment":[{"href":"https:\/\/megaprofe.es\/ca\/wp-json\/wp\/v2\/media?parent=15800"}],"curies":[{"name":"wp","href":"https:\/\/api.w.org\/{rel}","templated":true}]}}