{"id":7046,"date":"2023-08-11T11:31:35","date_gmt":"2023-08-11T11:31:35","guid":{"rendered":"https:\/\/megaprofe.es\/?page_id=7046"},"modified":"2025-06-03T09:05:54","modified_gmt":"2025-06-03T09:05:54","slug":"hablan-sobre-nosotros","status":"publish","type":"page","link":"https:\/\/megaprofe.es\/ca\/hablan-sobre-nosotros\/","title":{"rendered":"Hablan sobre nosotros"},"content":{"rendered":"<div data-elementor-type=\"wp-page\" data-elementor-id=\"7046\" class=\"elementor elementor-7046\" data-elementor-settings=\"{&quot;ha_cmc_init_switcher&quot;:&quot;no&quot;}\">\n\t\t\t\t\t\t<section class=\"elementor-section elementor-top-section elementor-element elementor-element-78cc237f elementor-section-boxed elementor-section-height-default elementor-section-height-default e-parent\" data-id=\"78cc237f\" data-element_type=\"section\" data-e-type=\"section\" data-settings=\"{&quot;background_background&quot;:&quot;classic&quot;,&quot;_ha_eqh_enable&quot;:false}\">\n\t\t\t\t\t\t<div class=\"elementor-container elementor-column-gap-default\">\n\t\t\t\t\t<div class=\"elementor-column elementor-col-50 elementor-top-column elementor-element elementor-element-d8a9b36 lakit-col-width-auto-no\" data-id=\"d8a9b36\" data-element_type=\"column\" data-e-type=\"column\">\n\t\t\t<div class=\"elementor-widget-wrap elementor-element-populated\">\n\t\t\t\t\t\t<div class=\"elementor-element elementor-element-defe8f8 elementor-widget elementor-widget-image\" data-id=\"defe8f8\" data-element_type=\"widget\" data-e-type=\"widget\" data-widget_type=\"image.default\">\n\t\t\t\t<div class=\"elementor-widget-container\">\n\t\t\t\t\t\t\t\t\t\t\t\t\t\t\t<img fetchpriority=\"high\" decoding=\"async\" width=\"560\" height=\"354\" src=\"https:\/\/megaprofe.es\/wp-content\/uploads\/2023\/08\/6_1.png\" class=\"attachment-large size-large wp-image-7055\" alt=\"\" srcset=\"https:\/\/megaprofe.es\/wp-content\/uploads\/2023\/08\/6_1.png 560w, https:\/\/megaprofe.es\/wp-content\/uploads\/2023\/08\/6_1-300x190.png 300w, https:\/\/megaprofe.es\/wp-content\/uploads\/2023\/08\/6_1-18x12.png 18w\" sizes=\"(max-width: 560px) 100vw, 560px\" \/>\t\t\t\t\t\t\t\t\t\t\t\t\t\t\t<\/div>\n\t\t\t\t<\/div>\n\t\t\t\t\t<\/div>\n\t\t<\/div>\n\t\t\t\t<div class=\"elementor-column elementor-col-50 elementor-top-column elementor-element elementor-element-7fdad331 lakit-col-width-auto-no\" data-id=\"7fdad331\" data-element_type=\"column\" data-e-type=\"column\">\n\t\t\t<div class=\"elementor-widget-wrap elementor-element-populated\">\n\t\t\t\t\t\t<div class=\"elementor-element elementor-element-2306247d elementor-widget__width-initial elementor-widget elementor-widget-heading\" data-id=\"2306247d\" data-element_type=\"widget\" data-e-type=\"widget\" data-widget_type=\"heading.default\">\n\t\t\t\t<div class=\"elementor-widget-container\">\n\t\t\t\t\t<h1 class=\"elementor-heading-title elementor-size-default\">Parlen de Megaprofe<\/h1>\t\t\t\t<\/div>\n\t\t\t\t<\/div>\n\t\t\t\t<div class=\"elementor-element elementor-element-7746bd7 elementor-widget__width-initial elementor-widget elementor-widget-text-editor\" data-id=\"7746bd7\" data-element_type=\"widget\" data-e-type=\"widget\" data-widget_type=\"text-editor.default\">\n\t\t\t\t<div class=\"elementor-widget-container\">\n\t\t\t\t\t\t\t\t\t<p>Diferents mitjans de comunicaci\u00f3 es fan ress\u00f2 de nosaltres<\/p><p>Si vols con\u00e8ixer-nos una mica m\u00e9s\u2026 Aquest \u00e9s el lloc!<\/p>\t\t\t\t\t\t\t\t<\/div>\n\t\t\t\t<\/div>\n\t\t\t\t\t<\/div>\n\t\t<\/div>\n\t\t\t\t\t<\/div>\n\t\t<\/section>\n\t\t\t\t<section class=\"elementor-section elementor-top-section elementor-element elementor-element-f73df11 elementor-section-boxed elementor-section-height-default elementor-section-height-default e-parent\" data-id=\"f73df11\" data-element_type=\"section\" data-e-type=\"section\" data-settings=\"{&quot;_ha_eqh_enable&quot;:false}\">\n\t\t\t\t\t\t<div class=\"elementor-container elementor-column-gap-default\">\n\t\t\t\t\t<div class=\"elementor-column elementor-col-33 elementor-top-column elementor-element elementor-element-60fb07f lakit-col-width-auto-no\" data-id=\"60fb07f\" data-element_type=\"column\" data-e-type=\"column\">\n\t\t\t<div class=\"elementor-widget-wrap elementor-element-populated\">\n\t\t\t\t\t\t<div class=\"elementor-element elementor-element-b9b471c ha-infobox-media-dir-top elementor-widget elementor-widget-ha-infobox happy-addon ha-infobox\" data-id=\"b9b471c\" data-element_type=\"widget\" data-e-type=\"widget\" data-widget_type=\"ha-infobox.default\">\n\t\t\t\t<div class=\"elementor-widget-container\">\n\t\t\t\t\t\n\t\t\t\t\t<figure class=\"ha-infobox-figure ha-infobox-figure--image\">\n\t\t\t\t<img decoding=\"async\" width=\"150\" height=\"150\" src=\"https:\/\/megaprofe.es\/wp-content\/uploads\/2023\/11\/rpw8oXsq_400x400-150x150.jpg\" class=\"elementor-animation-disable-animation attachment-thumbnail size-thumbnail wp-image-9702\" alt=\"\" srcset=\"https:\/\/megaprofe.es\/wp-content\/uploads\/2023\/11\/rpw8oXsq_400x400-150x150.jpg 150w, https:\/\/megaprofe.es\/wp-content\/uploads\/2023\/11\/rpw8oXsq_400x400-300x300.jpg 300w, https:\/\/megaprofe.es\/wp-content\/uploads\/2023\/11\/rpw8oXsq_400x400-12x12.jpg 12w, https:\/\/megaprofe.es\/wp-content\/uploads\/2023\/11\/rpw8oXsq_400x400-100x100.jpg 100w, https:\/\/megaprofe.es\/wp-content\/uploads\/2023\/11\/rpw8oXsq_400x400.jpg 400w\" sizes=\"(max-width: 150px) 100vw, 150px\" \/>\t\t\t<\/figure>\n\t\t\n\t\t<div class=\"ha-infobox-body\">\n\t\t\t<h5 class=\"ha-infobox-title\">Xarla a Twitch. Rep\u00e0s de totes les funcionalitats de Megaprofe (Castell\u00e0)<\/h5>\n\t\t\t\t\t\t\t<div class=\"ha-infobox-text\">\n\t\t\t\t\t<p>Ens complau compartir aquesta col\u00b7laboraci\u00f3 amb l'educador i creador de contingut, Miguel Cuadros, m\u00e9s conegut com a @maestroconclase a les xarxes socials. La nostra trobada virtual a Twitch va ser una immersi\u00f3 completa al m\u00f3n de Megaprofe, on vam explorar cada rac\u00f3 de les nostres funcionalitats i com els docents poden transformar el proc\u00e9s educatiu a trav\u00e9s de la IA.<br><br>\n\nVolem agrair al Miquel i a cada membre de la seva comunitat, el temps que es van prendre per acompanyar-nos i participar en aquesta conversa. <br><br>\n\nGr\u00e0cies per parlar de nosaltres i per cr\u00e8ixer amb nosaltres!\n<br><br>\n\n<b>Miguel Cuadros (@maestroconclase)<\/b><\/p>\n\t\t\t\t<\/div>\n\t\t\t\n\t\t\t<a class=\"ha-btn ha-btn--link\" href=\"https:\/\/youtu.be\/eLM34n5OQW0\" target=\"_blank\"><span class=\"ha-btn-text\">Ir al video &gt;&gt;<\/span><\/a>\t\t<\/div>\n\t\t\t\t\t\t<\/div>\n\t\t\t\t<\/div>\n\t\t\t\t<div class=\"elementor-element elementor-element-a8dcda8 ha-infobox-media-dir-top elementor-widget elementor-widget-ha-infobox happy-addon ha-infobox\" data-id=\"a8dcda8\" data-element_type=\"widget\" data-e-type=\"widget\" data-widget_type=\"ha-infobox.default\">\n\t\t\t\t<div class=\"elementor-widget-container\">\n\t\t\t\t\t\n\t\t\t\t\t<figure class=\"ha-infobox-figure ha-infobox-figure--image\">\n\t\t\t\t<img decoding=\"async\" width=\"150\" height=\"150\" src=\"https:\/\/megaprofe.es\/wp-content\/uploads\/2024\/08\/images-150x150.jpg\" class=\"elementor-animation-disable-animation attachment-thumbnail size-thumbnail wp-image-14646\" alt=\"\" srcset=\"https:\/\/megaprofe.es\/wp-content\/uploads\/2024\/08\/images-150x150.jpg 150w, https:\/\/megaprofe.es\/wp-content\/uploads\/2024\/08\/images-12x12.jpg 12w, https:\/\/megaprofe.es\/wp-content\/uploads\/2024\/08\/images-100x100.jpg 100w, https:\/\/megaprofe.es\/wp-content\/uploads\/2024\/08\/images.jpg 200w\" sizes=\"(max-width: 150px) 100vw, 150px\" \/>\t\t\t<\/figure>\n\t\t\n\t\t<div class=\"ha-infobox-body\">\n\t\t\t<h5 class=\"ha-infobox-title\">Entrevista a Neosmart (castell\u00e0)<\/h5>\n\t\t\t\t\t\t\t<div class=\"ha-infobox-text\">\n\t\t\t\t\t<p>Entrevista para la secci\u00f3n de educaci\u00f3n de\u00a0Neosmart, divulgadores especializados en soluciones de IA para diferentes sectores y verticales.\n<br><br>\n\n<b>Megaprofe: \"La IA generativa va a cambiar el panorama el pr\u00f3ximo curso\"<\/b><\/p>\n\t\t\t\t<\/div>\n\t\t\t\n\t\t\t<a class=\"ha-btn ha-btn--link\" href=\"https:\/\/neosmart.ai\/es\/megaprofe-ia-generativa-curso\/\u00a0\" target=\"_blank\"><span class=\"ha-btn-text\">Ir a la entrevista &gt;&gt;<\/span><\/a>\t\t<\/div>\n\t\t\t\t\t\t<\/div>\n\t\t\t\t<\/div>\n\t\t\t\t\t<\/div>\n\t\t<\/div>\n\t\t\t\t<div class=\"elementor-column elementor-col-33 elementor-top-column elementor-element elementor-element-8e95b54 lakit-col-width-auto-no\" data-id=\"8e95b54\" data-element_type=\"column\" data-e-type=\"column\">\n\t\t\t<div class=\"elementor-widget-wrap elementor-element-populated\">\n\t\t\t\t\t\t<div class=\"elementor-element elementor-element-3dc09ca ha-infobox-media-dir-top elementor-widget elementor-widget-ha-infobox happy-addon ha-infobox\" data-id=\"3dc09ca\" data-element_type=\"widget\" data-e-type=\"widget\" data-widget_type=\"ha-infobox.default\">\n\t\t\t\t<div class=\"elementor-widget-container\">\n\t\t\t\t\t\n\t\t\t\t\t<figure class=\"ha-infobox-figure ha-infobox-figure--image\">\n\t\t\t\t<img loading=\"lazy\" decoding=\"async\" width=\"150\" height=\"150\" src=\"https:\/\/megaprofe.es\/wp-content\/uploads\/2023\/10\/dimedu-e1696522151493-150x150.png\" class=\"elementor-animation-disable-animation attachment-thumbnail size-thumbnail wp-image-8162\" alt=\"\" srcset=\"https:\/\/megaprofe.es\/wp-content\/uploads\/2023\/10\/dimedu-e1696522151493-150x150.png 150w, https:\/\/megaprofe.es\/wp-content\/uploads\/2023\/10\/dimedu-e1696522151493-12x12.png 12w, https:\/\/megaprofe.es\/wp-content\/uploads\/2023\/10\/dimedu-e1696522151493-100x100.png 100w, https:\/\/megaprofe.es\/wp-content\/uploads\/2023\/10\/dimedu-e1696522151493.png 177w\" sizes=\"(max-width: 150px) 100vw, 150px\" \/>\t\t\t<\/figure>\n\t\t\n\t\t<div class=\"ha-infobox-body\">\n\t\t\t<h5 class=\"ha-infobox-title\">12\u00aa Trobada de Centres Innovadors de Catalunya (Catal\u00e0)<\/h5>\n\t\t\t\t\t\t\t<div class=\"ha-infobox-text\">\n\t\t\t\t\t<p>En el cor de la innovaci\u00f3 educativa! \ud83c\udf93<br>\n\nEn el marco del XII encuentro de \"Centres Innovadors de Catalunya\", tuvimos el honor de presentar Megaprofe a un p\u00fablico apasionado por la educaci\u00f3n.<br><br>\n\nGr\u00e0cies a Pere Marqu\u00e9s per brindar-nos aquest espai i a tod@s els assistents per la seva c\u00e0lida recepci\u00f3.<br><br>\n\nVan ser 6 minuts intensos en els quals ressaltem la import\u00e0ncia que tod@s l@s docents descobreixin les meravelles de la #IA i com aquesta pot potenciar la seva labor educativa.\n<br><br>\n\n<b>Evento organizado por DIM-EDU<\/b><\/p>\n\t\t\t\t<\/div>\n\t\t\t\n\t\t\t<a class=\"ha-btn ha-btn--link\" href=\"https:\/\/youtu.be\/CQyBRL85Oug\" target=\"_blank\"><span class=\"ha-btn-text\">Ir al video &gt;&gt;<\/span><\/a>\t\t<\/div>\n\t\t\t\t\t\t<\/div>\n\t\t\t\t<\/div>\n\t\t\t\t<div class=\"elementor-element elementor-element-4846e61 ha-infobox-media-dir-top elementor-widget elementor-widget-ha-infobox happy-addon ha-infobox\" data-id=\"4846e61\" data-element_type=\"widget\" data-e-type=\"widget\" data-widget_type=\"ha-infobox.default\">\n\t\t\t\t<div class=\"elementor-widget-container\">\n\t\t\t\t\t\n\t\t\t\t\t<figure class=\"ha-infobox-figure ha-infobox-figure--image\">\n\t\t\t\t<img loading=\"lazy\" decoding=\"async\" width=\"150\" height=\"150\" src=\"https:\/\/megaprofe.es\/wp-content\/uploads\/2023\/08\/VIN-150x150.jpg\" class=\"elementor-animation-disable-animation attachment-thumbnail size-thumbnail wp-image-7049\" alt=\"\" srcset=\"https:\/\/megaprofe.es\/wp-content\/uploads\/2023\/08\/VIN-150x150.jpg 150w, https:\/\/megaprofe.es\/wp-content\/uploads\/2023\/08\/VIN-300x300.jpg 300w, https:\/\/megaprofe.es\/wp-content\/uploads\/2023\/08\/VIN-12x12.jpg 12w, https:\/\/megaprofe.es\/wp-content\/uploads\/2023\/08\/VIN-100x100.jpg 100w, https:\/\/megaprofe.es\/wp-content\/uploads\/2023\/08\/VIN.jpg 400w\" sizes=\"(max-width: 150px) 100vw, 150px\" \/>\t\t\t<\/figure>\n\t\t\n\t\t<div class=\"ha-infobox-body\">\n\t\t\t<h5 class=\"ha-infobox-title\">Podcast: Visi\u00f3n Inteligente de Negocios (castell\u00e0)<\/h5>\n\t\t\t\t\t\t\t<div class=\"ha-infobox-text\">\n\t\t\t\t\t<p>Entrevista y charla con los fundadores de Megaprofe, en el podcast \"Visi\u00f3n inteligente de negocios\". Puedes escuchar el podcast en las siguientes plataformas:<br><br>\n\nSpotify:\u00a0https:\/\/buff.ly\/3NYvi6t<br>\nGoogle Podcasts:\u00a0https:\/\/buff.ly\/3O0qVaZ<br>\nApple Podcasts:\u00a0https:\/\/buff.ly\/3NYvlPH<br><br>\n\nA m\u00e9s, pots veure l'entrevista i una petita demo del servei a Youtube.\n<br><br>\n\n<b>Max Villanueva<\/b><\/p>\n\t\t\t\t<\/div>\n\t\t\t\n\t\t\t<a class=\"ha-btn ha-btn--link\" href=\"https:\/\/www.youtube.com\/watch?v=TdHrg-UNNl0\" target=\"_blank\"><span class=\"ha-btn-text\">Ir al video &gt;&gt;<\/span><\/a>\t\t<\/div>\n\t\t\t\t\t\t<\/div>\n\t\t\t\t<\/div>\n\t\t\t\t\t<\/div>\n\t\t<\/div>\n\t\t\t\t<div class=\"elementor-column elementor-col-33 elementor-top-column elementor-element elementor-element-7593c36 lakit-col-width-auto-no\" data-id=\"7593c36\" data-element_type=\"column\" data-e-type=\"column\">\n\t\t\t<div class=\"elementor-widget-wrap elementor-element-populated\">\n\t\t\t\t\t\t<div class=\"elementor-element elementor-element-6dcbf32 ha-infobox-media-dir-top elementor-widget elementor-widget-ha-infobox happy-addon ha-infobox\" data-id=\"6dcbf32\" data-element_type=\"widget\" data-e-type=\"widget\" data-widget_type=\"ha-infobox.default\">\n\t\t\t\t<div class=\"elementor-widget-container\">\n\t\t\t\t\t\n\t\t\t\t\t<figure class=\"ha-infobox-figure ha-infobox-figure--image\">\n\t\t\t\t<img loading=\"lazy\" decoding=\"async\" width=\"150\" height=\"131\" src=\"https:\/\/megaprofe.es\/wp-content\/uploads\/2023\/10\/Radio_Sant_Boi-150x131.png\" class=\"elementor-animation-disable-animation attachment-thumbnail size-thumbnail wp-image-8160\" alt=\"\" \/>\t\t\t<\/figure>\n\t\t\n\t\t<div class=\"ha-infobox-body\">\n\t\t\t<h5 class=\"ha-infobox-title\">R\u00e0dio Sant Boi (Catal\u00e0)<\/h5>\n\t\t\t\t\t\t\t<div class=\"ha-infobox-text\">\n\t\t\t\t\t<p>\u00a1Hemos sido protagonistas en las ondas! \ud83d\udcfb\n\nGracias a Radio Sant Boi por darnos voz en el prestigioso programa \ud835\udddf\ud835\uddee \ud835\udde5\ud835\uddf2\ud835\uddfd\ud835\ude02\u0301\ud835\uddef\ud835\uddf9\ud835\uddf6\ud835\uddf0\ud835\uddee \ud835\udde6\ud835\uddee\ud835\uddfb\ud835\ude01\ud835\uddef\ud835\uddfc\ud835\uddf6\ud835\uddee\ud835\uddfb\ud835\uddee. Un agradecimiento especial a Amadeu Alemany por su habilidad y carisma al moderar una fascinante entrevista con nuestro querido cofundador, Vicen\u00e7 Yll Escot.<br><br>\n\nSi vols con\u00e8ixer m\u00e9s detalls i submergir-te en la hist\u00f2ria darrere de Megaprofe, fes clic en el v\u00eddeo que vam mostrar a continuaci\u00f3! #MegaprofeEnRadio\n<br><br>\n\n<b>Amadeu Alemany (La Rep\u00fablica Santboiana)<\/b><\/p>\n\t\t\t\t<\/div>\n\t\t\t\n\t\t\t<a class=\"ha-btn ha-btn--link\" href=\"https:\/\/youtu.be\/7N5c-kf9W5g\" target=\"_blank\"><span class=\"ha-btn-text\">Ir al video &gt;&gt;<\/span><\/a>\t\t<\/div>\n\t\t\t\t\t\t<\/div>\n\t\t\t\t<\/div>\n\t\t\t\t<div class=\"elementor-element elementor-element-26cfc94 ha-infobox-media-dir-top elementor-widget elementor-widget-ha-infobox happy-addon ha-infobox\" data-id=\"26cfc94\" data-element_type=\"widget\" data-e-type=\"widget\" data-widget_type=\"ha-infobox.default\">\n\t\t\t\t<div class=\"elementor-widget-container\">\n\t\t\t\t\t\n\t\t\t\t\t<figure class=\"ha-infobox-figure ha-infobox-figure--image\">\n\t\t\t\t<img loading=\"lazy\" decoding=\"async\" width=\"150\" height=\"150\" src=\"https:\/\/megaprofe.es\/wp-content\/uploads\/2023\/08\/ProductSensei-150x150.jpg\" class=\"elementor-animation-disable-animation attachment-thumbnail size-thumbnail wp-image-7050\" alt=\"\" srcset=\"https:\/\/megaprofe.es\/wp-content\/uploads\/2023\/08\/ProductSensei-150x150.jpg 150w, https:\/\/megaprofe.es\/wp-content\/uploads\/2023\/08\/ProductSensei-12x12.jpg 12w, https:\/\/megaprofe.es\/wp-content\/uploads\/2023\/08\/ProductSensei-100x100.jpg 100w, https:\/\/megaprofe.es\/wp-content\/uploads\/2023\/08\/ProductSensei.jpg 200w\" sizes=\"(max-width: 150px) 100vw, 150px\" \/>\t\t\t<\/figure>\n\t\t\n\t\t<div class=\"ha-infobox-body\">\n\t\t\t<h5 class=\"ha-infobox-title\">Product Sensei (castell\u00e0)<\/h5>\n\t\t\t\t\t\t\t<div class=\"ha-infobox-text\">\n\t\t\t\t\t<p>Con un historial de m\u00e1s de 7 a\u00f1os creando productos digitales y escalando empresas en el \u00e1mbito digital, Pau Yanez (https:\/\/www.linkedin.com\/in\/pauyanez\/) es indudablemente un gran profesional en el mundo de la innovaci\u00f3n y estrategia digital. Su pasi\u00f3n por trabajar con equipos multidisciplinarios y multiculturales, sumado a su habilidad innata para comunicar visiones de producto y trazar estrategias de ventas y marketing, lo posicionan como un referente en el sector.<br><br>\n\nEs por ello que estamos emocionados de anunciar que Pau Yanez \u00a0ha llevado a cabo un an\u00e1lisis exhaustivo y cr\u00edtico de Megaprofe a trav\u00e9s de su newsletter \"Product Sensei\".\u00a0<br><br>\n\nDescobreix el que Pau Y\u00e1nez ha de dir sobre Megaprofe i com es situa amb les tend\u00e8ncies actuals del mercat digital!\n<br><br>\n\n<b>Pau Y\u00e1nez<\/b><\/p>\n\t\t\t\t<\/div>\n\t\t\t\n\t\t\t<a class=\"ha-btn ha-btn--link\" href=\"https:\/\/www.linkedin.com\/pulse\/educaci%C3%B3n-e-inteligencia-artificial-el-caso-de-megaprofe-pau-yanez\" target=\"_blank\"><span class=\"ha-btn-text\">Ir al An\u00e1lisis&gt;&gt;<\/span><\/a>\t\t<\/div>\n\t\t\t\t\t\t<\/div>\n\t\t\t\t<\/div>\n\t\t\t\t\t<\/div>\n\t\t<\/div>\n\t\t\t\t\t<\/div>\n\t\t<\/section>\n\t\t\t\t<\/div>","protected":false},"excerpt":{"rendered":"<p>Hablan de Megaprofe Distintos medios de comunicaci\u00f3n hablan sobre nosotros. Si quieres conocernos un poco m\u00e1s&#8230; \u00a1Este es el lugar! Charla en Twitch. Repaso a todas las funcionalidades de Megaprofe Nos complace compartir esta colaboraci\u00f3n con el educador y creador de contenido, Miguel Cuadros, m\u00e1s conocido como @maestroconclase en las redes sociales. Nuestro encuentro virtual [&hellip;]<\/p>\n","protected":false},"author":1,"featured_media":0,"parent":0,"menu_order":0,"comment_status":"closed","ping_status":"closed","template":"elementor_canvas","meta":{"footnotes":""},"class_list":["post-7046","page","type-page","status-publish","hentry"],"yoast_head":"<!-- This site is optimized with the Yoast SEO plugin v27.3 - https:\/\/yoast.com\/product\/yoast-seo-wordpress\/ -->\n<title>Hablan sobre nosotros - Megaprofe<\/title>\n<meta name=\"robots\" content=\"index, follow, max-snippet:-1, max-image-preview:large, max-video-preview:-1\" \/>\n<link rel=\"canonical\" href=\"https:\/\/megaprofe.es\/ca\/hablan-sobre-nosotros\/\" \/>\n<meta property=\"og:locale\" content=\"ca_ES\" \/>\n<meta property=\"og:type\" content=\"article\" \/>\n<meta property=\"og:title\" content=\"Hablan sobre nosotros - Megaprofe\" \/>\n<meta property=\"og:description\" content=\"Hablan de Megaprofe Distintos medios de comunicaci\u00f3n hablan sobre nosotros. Si quieres conocernos un poco m\u00e1s&#8230; \u00a1Este es el lugar! Charla en Twitch. Repaso a todas las funcionalidades de Megaprofe Nos complace compartir esta colaboraci\u00f3n con el educador y creador de contenido, Miguel Cuadros, m\u00e1s conocido como @maestroconclase en las redes sociales. Nuestro encuentro virtual [&hellip;]\" \/>\n<meta property=\"og:url\" content=\"https:\/\/megaprofe.es\/ca\/hablan-sobre-nosotros\/\" \/>\n<meta property=\"og:site_name\" content=\"Megaprofe\" \/>\n<meta property=\"article:modified_time\" content=\"2025-06-03T09:05:54+00:00\" \/>\n<meta property=\"og:image\" content=\"https:\/\/megaprofe.es\/wp-content\/uploads\/2023\/08\/6_1.png\" \/>\n\t<meta property=\"og:image:width\" content=\"560\" \/>\n\t<meta property=\"og:image:height\" content=\"354\" \/>\n\t<meta property=\"og:image:type\" content=\"image\/png\" \/>\n<meta name=\"twitter:card\" content=\"summary_large_image\" \/>\n<meta name=\"twitter:label1\" content=\"Temps estimat de lectura\" \/>\n\t<meta name=\"twitter:data1\" content=\"4 minuts\" \/>\n<script type=\"application\/ld+json\" class=\"yoast-schema-graph\">{\"@context\":\"https:\\\/\\\/schema.org\",\"@graph\":[{\"@type\":\"WebPage\",\"@id\":\"https:\\\/\\\/megaprofe.es\\\/hablan-sobre-nosotros\\\/\",\"url\":\"https:\\\/\\\/megaprofe.es\\\/hablan-sobre-nosotros\\\/\",\"name\":\"Hablan sobre nosotros - Megaprofe\",\"isPartOf\":{\"@id\":\"https:\\\/\\\/megaprofe.es\\\/#website\"},\"primaryImageOfPage\":{\"@id\":\"https:\\\/\\\/megaprofe.es\\\/hablan-sobre-nosotros\\\/#primaryimage\"},\"image\":{\"@id\":\"https:\\\/\\\/megaprofe.es\\\/hablan-sobre-nosotros\\\/#primaryimage\"},\"thumbnailUrl\":\"https:\\\/\\\/megaprofe.es\\\/wp-content\\\/uploads\\\/2023\\\/08\\\/6_1.png\",\"datePublished\":\"2023-08-11T11:31:35+00:00\",\"dateModified\":\"2025-06-03T09:05:54+00:00\",\"breadcrumb\":{\"@id\":\"https:\\\/\\\/megaprofe.es\\\/hablan-sobre-nosotros\\\/#breadcrumb\"},\"inLanguage\":\"ca\",\"potentialAction\":[{\"@type\":\"ReadAction\",\"target\":[\"https:\\\/\\\/megaprofe.es\\\/hablan-sobre-nosotros\\\/\"]}]},{\"@type\":\"ImageObject\",\"inLanguage\":\"ca\",\"@id\":\"https:\\\/\\\/megaprofe.es\\\/hablan-sobre-nosotros\\\/#primaryimage\",\"url\":\"https:\\\/\\\/megaprofe.es\\\/wp-content\\\/uploads\\\/2023\\\/08\\\/6_1.png\",\"contentUrl\":\"https:\\\/\\\/megaprofe.es\\\/wp-content\\\/uploads\\\/2023\\\/08\\\/6_1.png\"},{\"@type\":\"BreadcrumbList\",\"@id\":\"https:\\\/\\\/megaprofe.es\\\/hablan-sobre-nosotros\\\/#breadcrumb\",\"itemListElement\":[{\"@type\":\"ListItem\",\"position\":1,\"name\":\"Portada\",\"item\":\"https:\\\/\\\/megaprofe.es\\\/\"},{\"@type\":\"ListItem\",\"position\":2,\"name\":\"Hablan sobre nosotros\"}]},{\"@type\":\"WebSite\",\"@id\":\"https:\\\/\\\/megaprofe.es\\\/#website\",\"url\":\"https:\\\/\\\/megaprofe.es\\\/\",\"name\":\"Megaprofe\",\"description\":\"Inteligencia Artificial para Profesores y Escuelas\",\"publisher\":{\"@id\":\"https:\\\/\\\/megaprofe.es\\\/#organization\"},\"potentialAction\":[{\"@type\":\"SearchAction\",\"target\":{\"@type\":\"EntryPoint\",\"urlTemplate\":\"https:\\\/\\\/megaprofe.es\\\/?s={search_term_string}\"},\"query-input\":{\"@type\":\"PropertyValueSpecification\",\"valueRequired\":true,\"valueName\":\"search_term_string\"}}],\"inLanguage\":\"ca\"},{\"@type\":\"Organization\",\"@id\":\"https:\\\/\\\/megaprofe.es\\\/#organization\",\"name\":\"Megaprofe\",\"url\":\"https:\\\/\\\/megaprofe.es\\\/\",\"logo\":{\"@type\":\"ImageObject\",\"inLanguage\":\"ca\",\"@id\":\"https:\\\/\\\/megaprofe.es\\\/#\\\/schema\\\/logo\\\/image\\\/\",\"url\":\"https:\\\/\\\/megaprofe.es\\\/wp-content\\\/uploads\\\/2023\\\/06\\\/cropped-icon.png\",\"contentUrl\":\"https:\\\/\\\/megaprofe.es\\\/wp-content\\\/uploads\\\/2023\\\/06\\\/cropped-icon.png\",\"width\":572,\"height\":572,\"caption\":\"Megaprofe\"},\"image\":{\"@id\":\"https:\\\/\\\/megaprofe.es\\\/#\\\/schema\\\/logo\\\/image\\\/\"}}]}<\/script>\n<!-- \/ Yoast SEO plugin. -->","yoast_head_json":{"title":"Hablan sobre nosotros - Megaprofe","robots":{"index":"index","follow":"follow","max-snippet":"max-snippet:-1","max-image-preview":"max-image-preview:large","max-video-preview":"max-video-preview:-1"},"canonical":"https:\/\/megaprofe.es\/ca\/hablan-sobre-nosotros\/","og_locale":"ca_ES","og_type":"article","og_title":"Hablan sobre nosotros - Megaprofe","og_description":"Hablan de Megaprofe Distintos medios de comunicaci\u00f3n hablan sobre nosotros. Si quieres conocernos un poco m\u00e1s&#8230; \u00a1Este es el lugar! Charla en Twitch. Repaso a todas las funcionalidades de Megaprofe Nos complace compartir esta colaboraci\u00f3n con el educador y creador de contenido, Miguel Cuadros, m\u00e1s conocido como @maestroconclase en las redes sociales. Nuestro encuentro virtual [&hellip;]","og_url":"https:\/\/megaprofe.es\/ca\/hablan-sobre-nosotros\/","og_site_name":"Megaprofe","article_modified_time":"2025-06-03T09:05:54+00:00","og_image":[{"width":560,"height":354,"url":"https:\/\/megaprofe.es\/wp-content\/uploads\/2023\/08\/6_1.png","type":"image\/png"}],"twitter_card":"summary_large_image","twitter_misc":{"Temps estimat de lectura":"4 minuts"},"schema":{"@context":"https:\/\/schema.org","@graph":[{"@type":"WebPage","@id":"https:\/\/megaprofe.es\/hablan-sobre-nosotros\/","url":"https:\/\/megaprofe.es\/hablan-sobre-nosotros\/","name":"Hablan sobre nosotros - Megaprofe","isPartOf":{"@id":"https:\/\/megaprofe.es\/#website"},"primaryImageOfPage":{"@id":"https:\/\/megaprofe.es\/hablan-sobre-nosotros\/#primaryimage"},"image":{"@id":"https:\/\/megaprofe.es\/hablan-sobre-nosotros\/#primaryimage"},"thumbnailUrl":"https:\/\/megaprofe.es\/wp-content\/uploads\/2023\/08\/6_1.png","datePublished":"2023-08-11T11:31:35+00:00","dateModified":"2025-06-03T09:05:54+00:00","breadcrumb":{"@id":"https:\/\/megaprofe.es\/hablan-sobre-nosotros\/#breadcrumb"},"inLanguage":"ca","potentialAction":[{"@type":"ReadAction","target":["https:\/\/megaprofe.es\/hablan-sobre-nosotros\/"]}]},{"@type":"ImageObject","inLanguage":"ca","@id":"https:\/\/megaprofe.es\/hablan-sobre-nosotros\/#primaryimage","url":"https:\/\/megaprofe.es\/wp-content\/uploads\/2023\/08\/6_1.png","contentUrl":"https:\/\/megaprofe.es\/wp-content\/uploads\/2023\/08\/6_1.png"},{"@type":"BreadcrumbList","@id":"https:\/\/megaprofe.es\/hablan-sobre-nosotros\/#breadcrumb","itemListElement":[{"@type":"ListItem","position":1,"name":"Portada","item":"https:\/\/megaprofe.es\/"},{"@type":"ListItem","position":2,"name":"Hablan sobre nosotros"}]},{"@type":"WebSite","@id":"https:\/\/megaprofe.es\/#website","url":"https:\/\/megaprofe.es\/","name":"Megaprofe","description":"Intel\u00b7lig\u00e8ncia Artificial per Professors i Escoles","publisher":{"@id":"https:\/\/megaprofe.es\/#organization"},"potentialAction":[{"@type":"SearchAction","target":{"@type":"EntryPoint","urlTemplate":"https:\/\/megaprofe.es\/?s={search_term_string}"},"query-input":{"@type":"PropertyValueSpecification","valueRequired":true,"valueName":"search_term_string"}}],"inLanguage":"ca"},{"@type":"Organization","@id":"https:\/\/megaprofe.es\/#organization","name":"Megaprofe","url":"https:\/\/megaprofe.es\/","logo":{"@type":"ImageObject","inLanguage":"ca","@id":"https:\/\/megaprofe.es\/#\/schema\/logo\/image\/","url":"https:\/\/megaprofe.es\/wp-content\/uploads\/2023\/06\/cropped-icon.png","contentUrl":"https:\/\/megaprofe.es\/wp-content\/uploads\/2023\/06\/cropped-icon.png","width":572,"height":572,"caption":"Megaprofe"},"image":{"@id":"https:\/\/megaprofe.es\/#\/schema\/logo\/image\/"}}]}},"_links":{"self":[{"href":"https:\/\/megaprofe.es\/ca\/wp-json\/wp\/v2\/pages\/7046","targetHints":{"allow":["GET"]}}],"collection":[{"href":"https:\/\/megaprofe.es\/ca\/wp-json\/wp\/v2\/pages"}],"about":[{"href":"https:\/\/megaprofe.es\/ca\/wp-json\/wp\/v2\/types\/page"}],"author":[{"embeddable":true,"href":"https:\/\/megaprofe.es\/ca\/wp-json\/wp\/v2\/users\/1"}],"replies":[{"embeddable":true,"href":"https:\/\/megaprofe.es\/ca\/wp-json\/wp\/v2\/comments?post=7046"}],"version-history":[{"count":30,"href":"https:\/\/megaprofe.es\/ca\/wp-json\/wp\/v2\/pages\/7046\/revisions"}],"predecessor-version":[{"id":16324,"href":"https:\/\/megaprofe.es\/ca\/wp-json\/wp\/v2\/pages\/7046\/revisions\/16324"}],"wp:attachment":[{"href":"https:\/\/megaprofe.es\/ca\/wp-json\/wp\/v2\/media?parent=7046"}],"curies":[{"name":"wp","href":"https:\/\/api.w.org\/{rel}","templated":true}]}}